{"id":1322,"date":"2022-02-24T05:02:56","date_gmt":"2022-02-24T05:02:56","guid":{"rendered":"http:\/\/lesrosesdecharlemagne.com\/?page_id=1322"},"modified":"2022-10-25T12:57:34","modified_gmt":"2022-10-25T12:57:34","slug":"home","status":"publish","type":"page","link":"https:\/\/lesrosesdecharlemagne.com\/","title":{"rendered":"\u00c9levage Shiba Les Roses de Charlemagne"},"content":{"rendered":"\n<p><\/p>\n\n\n\n<div class=\"wp-block-uagb-container uagb-block-f76de33c alignfull uagb-is-root-container\"><div class=\"uagb-container-inner-blocks-wrap\">\n<h4 class=\"has-text-align-center has-ast-global-color-5-color has-text-color\" style=\"font-size:50px\">Elevage de shiba-inu<br>Les Roses de Charlemagne<\/h4>\n\n\n\n<p class=\"has-text-align-center has-ast-global-color-5-color has-text-color has-medium-font-size\">280 chemin Charlemagne 42110 Civens<\/p>\n\n\n\n<div class=\"wp-container-15 wp-block-columns\">\n<div class=\"wp-container-14 wp-block-column\" style=\"flex-basis:100%\">\n<div class=\"wp-block-uagb-container uagb-block-ec69c41b\">\n<div class=\"wp-container-13 wp-block-columns\">\n<div class=\"wp-container-4 wp-block-column\">\n<div class=\"wp-container-3 wp-block-columns\">\n<div class=\"wp-container-1 wp-block-column\">\n<p class=\"has-text-align-center has-ast-global-color-5-color has-text-color\"><a href=\"https:\/\/desrosesdecharlemagne.chiens-de-france.com\/shiba,des-roses-de-charlemagne,chiens-femelles,37667.html\">CHIENS<\/a><\/p>\n<\/div>\n\n\n\n<div class=\"wp-container-2 wp-block-column\">\n<p class=\"has-text-align-center has-ast-global-color-5-color has-text-color\"><a href=\"https:\/\/desrosesdecharlemagne.chiens-de-france.com\/shiba,des-roses-de-charlemagne,chiots,37667.html\">CHIOTS DISPONIBLES<\/a><\/p>\n<\/div>\n<\/div>\n<\/div>\n\n\n\n<div class=\"wp-container-8 wp-block-column\">\n<div class=\"wp-container-7 wp-block-columns\">\n<div class=\"wp-container-5 wp-block-column\">\n<p class=\"has-text-align-center has-ast-global-color-5-color has-text-color\"><a href=\"https:\/\/desrosesdecharlemagne.chiens-de-france.com\/shiba,des-roses-de-charlemagne,photos,37667_1095679.html\">PHOTOS   VIDEOS<\/a><\/p>\n<\/div>\n\n\n\n<div class=\"wp-container-6 wp-block-column\">\n<p class=\"has-text-align-center has-ast-global-color-5-color has-text-color\"><a href=\"https:\/\/desrosesdecharlemagne.chiens-de-france.com\/shiba,des-roses-de-charlemagne,livredor,37667_0.html\">LIVRE D&rsquo;OR<\/a><\/p>\n<\/div>\n<\/div>\n<\/div>\n\n\n\n<div class=\"wp-container-12 wp-block-column\">\n<div class=\"wp-container-11 wp-block-columns\">\n<div class=\"wp-container-9 wp-block-column\">\n<p class=\"has-text-align-center has-ast-global-color-5-color has-text-color\"><a href=\"https:\/\/desrosesdecharlemagne.chiens-de-france.com\/shiba,des-roses-de-charlemagne,contacter,37667.html\">CONTACT<\/a><\/p>\n<\/div>\n\n\n\n<div class=\"wp-container-10 wp-block-column\">\n<p class=\"has-text-align-center has-ast-global-color-5-color has-text-color\"><a href=\"https:\/\/www.centrale-canine.fr\/des-roses-de-charlemagne\">CENTRALE CANINE<\/a><\/p>\n<\/div>\n<\/div>\n<\/div>\n<\/div>\n<\/div>\n<\/div>\n<\/div>\n\n\n\n<div class=\"wp-container-18 wp-block-columns\">\n<div class=\"wp-container-16 wp-block-column\" style=\"flex-basis:60%\"><\/div>\n\n\n\n<div class=\"wp-container-17 wp-block-column\">\n<p class=\"has-ast-global-color-5-color has-text-color\">Bonjour \u00e0 tous et bienvenue! <br>Une petite pr\u00e9sentation de mon \u00e9levage:<br>j&rsquo;\u00e9l\u00e8ve des shiba-inu depuis 2011.<br>Je suis \u00e0 une heure par autoroute<br>de Clermont-Ferrand et \u00e0 45 minutes<br>de Lyon. (A89 et A72)<br>Faites bonne visite!<\/p>\n\n\n\n<p class=\"has-ast-global-color-5-color has-text-color\">Welcome!<br>My kennel is in the land of \u00ab\u00a0Loire\u00a0\u00bb department 42 in France.<br>I breed shiba-inu since 2011.<br>There is two highway to go to my kennel: E70 (A89) and A 72.<br>Have a good visit!<br><br><br>Je parle fran\u00e7ais.<br>I speak english.<\/p>\n<\/div>\n<\/div>\n\n\n\n<p><\/p>\n\n\n\n<div class=\"wp-block-uagb-image uagb-block-a262ae88 wp-block-uagb-image--layout-default wp-block-uagb-image--effect-static wp-block-uagb-image--align-center\"><figure class=\"wp-block-uagb-image__figure\"><a class=\"\" href=\"https:\/\/www.facebook.com\/lesrosesdecharlemagne\/\" target=\"\" rel=\"noopener\"><img loading=\"lazy\" srcset=\"https:\/\/lesrosesdecharlemagne.com\/wp-content\/uploads\/2022\/10\/Facebook-logo-vector-150x150.jpg \" src=\"https:\/\/lesrosesdecharlemagne.com\/wp-content\/uploads\/2022\/10\/Facebook-logo-vector-150x150.jpg\" alt=\"\" class=\"uag-image-1854\" width=\"100\" height=\"100\" title=\"\"\/><\/a><\/figure><\/div>\n<\/div><\/div>\n\n\n\n<p><\/p>\n\n\n\n<div class=\"wp-block-uagb-container uagb-block-9328dec4 alignfull uagb-is-root-container\"><div class=\"uagb-container-inner-blocks-wrap\"><\/div><\/div>\n","protected":false},"excerpt":{"rendered":"","protected":false},"author":1,"featured_media":0,"parent":0,"menu_order":0,"comment_status":"closed","ping_status":"closed","template":"","meta":{"om_disable_all_campaigns":false,"site-sidebar-layout":"no-sidebar","site-content-layout":"page-builder","ast-global-header-display":"","ast-main-header-display":"","ast-hfb-above-header-display":"","ast-hfb-below-header-display":"","ast-hfb-mobile-header-display":"","site-post-title":"disabled","ast-breadcrumbs-content":"","ast-featured-img":"disabled","footer-sml-layout":"","theme-transparent-header-meta":"enabled","adv-header-id-meta":"","stick-header-meta":"","header-above-stick-meta":"","header-main-stick-meta":"","header-below-stick-meta":""},"aioseo_notices":[],"uagb_featured_image_src":{"full":false,"thumbnail":false,"medium":false,"medium_large":false,"large":false,"1536x1536":false,"2048x2048":false},"uagb_author_info":{"display_name":"anne-marie.clavel@protonmail.com","author_link":"https:\/\/lesrosesdecharlemagne.com\/?author=1"},"uagb_comment_info":0,"uagb_excerpt":null,"_links":{"self":[{"href":"https:\/\/lesrosesdecharlemagne.com\/index.php?rest_route=\/wp\/v2\/pages\/1322"}],"collection":[{"href":"https:\/\/lesrosesdecharlemagne.com\/index.php?rest_route=\/wp\/v2\/pages"}],"about":[{"href":"https:\/\/lesrosesdecharlemagne.com\/index.php?rest_route=\/wp\/v2\/types\/page"}],"author":[{"embeddable":true,"href":"https:\/\/lesrosesdecharlemagne.com\/index.php?rest_route=\/wp\/v2\/users\/1"}],"replies":[{"embeddable":true,"href":"https:\/\/lesrosesdecharlemagne.com\/index.php?rest_route=%2Fwp%2Fv2%2Fcomments&post=1322"}],"version-history":[{"count":42,"href":"https:\/\/lesrosesdecharlemagne.com\/index.php?rest_route=\/wp\/v2\/pages\/1322\/revisions"}],"predecessor-version":[{"id":1993,"href":"https:\/\/lesrosesdecharlemagne.com\/index.php?rest_route=\/wp\/v2\/pages\/1322\/revisions\/1993"}],"wp:attachment":[{"href":"https:\/\/lesrosesdecharlemagne.com\/index.php?rest_route=%2Fwp%2Fv2%2Fmedia&parent=1322"}],"curies":[{"name":"wp","href":"https:\/\/api.w.org\/{rel}","templated":true}]}}